{"id":52,"date":"2024-11-16T20:18:46","date_gmt":"2024-11-16T18:18:46","guid":{"rendered":"https:\/\/radzima.eu\/?page_id=52"},"modified":"2026-01-10T00:59:07","modified_gmt":"2026-01-09T22:59:07","slug":"kontakt","status":"publish","type":"page","link":"https:\/\/radzima.eu\/et\/kontakt\/","title":{"rendered":"Kontakt"},"content":{"rendered":"<ul>\n<li>\n<h4><strong>MT\u00dc V\u00e4hemusrahvuste Keskus Radzima<\/strong><\/h4>\n<p><span style=\"font-weight: 400;\">Reg nr: 80365129<\/span><br \/>\n<span style=\"font-weight: 400;\">Juhatuse esimees &#8211; Ketlin Pukk<\/span><br \/>\n<span style=\"font-weight: 400;\">Tel: +372 52 45 622<\/span><br \/>\n<span style=\"font-weight: 400;\">e-mail: <a href=\"mailto:radzima@radzima.eu\">radzima@radzima.eu<\/a><\/span><br \/>\n<span style=\"font-weight: 400;\">aadress: Laki 25-112, Tallinn, 12915<\/span><\/li>\n<\/ul>\n<ul>\n<li><strong>MT\u00dc \u00d5ppe- ja Arengukeskus EVA-Studiorum<\/strong><\/li>\n<\/ul>\n<p style=\"padding-left: 30px;\">Reg nr: 80221718<br \/>\nJuhatuse esimees \u2013 Niina Peerna<br \/>\nTel: +372 51 97 50 79<br \/>\ne-mail: <a href=\"mailto:niina@evastudiorum.com\">niina@evastudiorum.com<\/a><br \/>\naadress: Puiestiku tee 2, V\u00e4\u00e4na k\u00fcla, Harku vald, Harjumaa 76903<\/p>\n<ul>\n<li><strong>MT\u00dc Etnomeedia<\/strong><\/li>\n<\/ul>\n<p style=\"padding-left: 30px;\">Reg nr:<br \/>\nJuhatuse esimees \u2013 Aleksei Aleksejev<br \/>\nTel: +372 52 70\u00a0855<br \/>\ne-mail: aleksfilm@gmail.com<br \/>\naadress: , Tallinn, 11911<\/p>\n<ul>\n<li><strong>MT\u00dc T\u00fcrgi Kool<\/strong><\/li>\n<\/ul>\n<p style=\"padding-left: 30px;\">Reg nr: 80147194<br \/>\nJuhatuse esimees \u2013 G\u00fclnara Vals<br \/>\nTel: +372\u00a0556 39\u00a0115<br \/>\ne-mail:<a href=\"mailto:gulnaravals@hotmail.com\">gulnaravals@hotmail.com<\/a><br \/>\naadress: Kivila 42-161, Tallinn, 13814<\/p>\n<ul>\n<li><strong>MT\u00dc Valgevene Info- ja Kultuurikeskus Eestis<\/strong><\/li>\n<\/ul>\n<p>Reg nr:<br \/>\nJuhatuse esimees \u2013<br \/>\nTel: +372\u00a05<br \/>\ne-mail:<br \/>\naadress:<\/p>\n<ul>\n<li>\u00a0<strong>MT\u00dc Esteetilise Kasvatuse Keskus\u00a0<\/strong><\/li>\n<\/ul>\n<p>Reg.nr. 80157922<\/p>\n<p>Juhatuse esimees \u2013 Tatjana Tservova<\/p>\n<p>Tel:+372 5268511<\/p>\n<p>e-mail:<a href=\"mailto:tzev@estetika.ee\">tzev@estetika.ee<\/a><\/p>\n<p>aadress: Koidu 10-11, Tallinn, 10137<\/p>\n<p>&nbsp;<\/p>\n<p>&nbsp;","protected":false},"excerpt":{"rendered":"<p>MT\u00dc V\u00e4hemusrahvuste Keskus Radzima Reg nr: 80365129 Juhatuse esimees &#8211; Ketlin Pukk Tel: +372 52 45 622 e-mail: radzima@radzima.eu aadress: Laki 25-112, Tallinn, 12915 MT\u00dc \u00d5ppe- ja Arengukeskus EVA-Studiorum Reg nr: 80221718<a class=\"moretag\" href=\"https:\/\/radzima.eu\/et\/kontakt\/\">Read More&#8230;<\/a><\/p>\n","protected":false},"author":1,"featured_media":0,"parent":0,"menu_order":0,"comment_status":"closed","ping_status":"closed","template":"","meta":{"footnotes":""},"class_list":["post-52","page","type-page","status-publish","hentry"],"_links":{"self":[{"href":"https:\/\/radzima.eu\/et\/wp-json\/wp\/v2\/pages\/52","targetHints":{"allow":["GET"]}}],"collection":[{"href":"https:\/\/radzima.eu\/et\/wp-json\/wp\/v2\/pages"}],"about":[{"href":"https:\/\/radzima.eu\/et\/wp-json\/wp\/v2\/types\/page"}],"author":[{"embeddable":true,"href":"https:\/\/radzima.eu\/et\/wp-json\/wp\/v2\/users\/1"}],"replies":[{"embeddable":true,"href":"https:\/\/radzima.eu\/et\/wp-json\/wp\/v2\/comments?post=52"}],"version-history":[{"count":5,"href":"https:\/\/radzima.eu\/et\/wp-json\/wp\/v2\/pages\/52\/revisions"}],"predecessor-version":[{"id":3762,"href":"https:\/\/radzima.eu\/et\/wp-json\/wp\/v2\/pages\/52\/revisions\/3762"}],"wp:attachment":[{"href":"https:\/\/radzima.eu\/et\/wp-json\/wp\/v2\/media?parent=52"}],"curies":[{"name":"wp","href":"https:\/\/api.w.org\/{rel}","templated":true}]}}