{"id":55,"date":"2016-09-04T12:21:20","date_gmt":"2016-09-04T09:21:20","guid":{"rendered":"https:\/\/radzima.eu\/?page_id=55"},"modified":"2025-10-25T01:22:38","modified_gmt":"2025-10-24T22:22:38","slug":"firmast","status":"publish","type":"page","link":"https:\/\/radzima.eu\/et\/firmast\/","title":{"rendered":"Firmast"},"content":{"rendered":"<b>Organisatsiooni l\u00fchitutvustus<\/b><\/p>\n<p style=\"text-align: justify;\">MT\u00dc V\u00e4hemusrahvuste Keskus Radzima alustas oma\u00a0 asutamist\u00a0 novembris 2013 aastal. L\u00f5plikult asutati Radzima 2. jaanuaril 2014 aastal.\u00a0 Alates 2015 aastast on V\u00e4hemusrahvuste Keskus Radzima viie v\u00e4hemusrahvuste seltsi katusorganisatsioon. V\u00e4hemusrahvuste Keskus Radzima all tegutseb noorte tantsukollektiiv \u201eRet\u0161enka\u201c. Juhatus koosneb kahest liikmest: juhatuse esimees Ketlin Pukk ja juhatuse liige Niina Peerna.<\/p>\n<p><b>Tegevuse eesm\u00e4rgid ja \u00fclesanded<\/b><\/p>\n<p style=\"text-align: justify;\">V\u00e4hemusrahvuste Keskus Radzima l\u00e4htub oma tegevuses rahvusvaheliselt tunnustatud v\u00e4hemusrahvuste p\u00f5him\u00f5tetest ning esindab kultuurilisi, hariduslikke, poliitilisi, sotsiaalmajanduslike ja ajaloolisi huve nii Eestis, kui ka v\u00e4ljaspool Eestit. Kogumine, \u00fcldistamine, avaldamine ning informatsiooni levitamine valgevene kultuuri, keele ja ajaloo k\u00fcsimustes. Korraldab erinevaid seminare, konverentse, loenguid, keele kursuseid, samuti organiseerib ja viib l\u00e4bi erinevaid kultuur- ja ajaloo \u00fcritusi \u2013 festivale, n\u00e4itusi, etendusi, konkursse, rahvapidusid, (\u00f5ppe)ekskursioone, meisterklasse, laagreid ja muid \u00fcritusi valgevene kultuuri tutvustamiseks Eestis ja eesti kultuuri tutvustamiseks Valgevenemaal. Korraldab Valgevene Vabariiki informatsiooni \u2013 tunnetusreise kultuuri tutvumise eesm\u00e4rgil. Kaasaaitamine EV,Valgevene Vabariigi ja Venemaa s\u00f5prussuhete loomisele \u2013 koolide vahelised s\u00f5prussuhted keele praktika eesm\u00e4rgil. Radzima osutab vajadusel t\u00f5lketeenuse abi (valgevene ja vene keelest eesti keelde, ning eesti keelest valgevene ja vene keelde).<\/p>\n<h4><span style=\"color: #00ff00;\">MT\u00dc \u00d5ppe- ja Arengukeskus\u00a0 EVA-Studiorum<\/span><\/h4>\n<p><b>Organisatsiooni l\u00fchitutvustus<\/b><\/p>\n<p style=\"text-align: justify;\">MT\u00dc \u00d5ppe- ja Arengukeskus\u00a0 EVA-Studiorum alustas oma\u00a0 tegevust\u00a0 novembris 2004 aastal. L\u00f5plikult asutati MT\u00dc 18. aprillil 2005 aastal.\u00a0 Aastatel 2005 \u2013 2014 kuulus EVA-Studiorum Eestimaa Valgevenelaste Assotsiatsiooni (Valgevene seltside katusorganisatsioon) alla. Alates 2015 aastast kuulub EVA-Studiorum V\u00e4hemusrahvuste Keskus Radzima alla. Juhatus koosneb kahest liikmest: juhatuse esimees Niina Peerna ja juhatuse liige Ketlin Balabukha<\/p>\n<h4><span style=\"color: #00ff00;\">MT\u00dc T\u00fcrgi kool\u00a0<\/span><\/h4>\n<p><b>Organisatsiooni l\u00fchitutvustus<\/b><\/p>\n<p style=\"text-align: justify;\">MT\u00dc T\u00fcrgi kool alustas oma\u00a0 tegevust\u00a0 mais 2001 aastal. Alates 2015 aastast kuulub T\u00fcrgi kool V\u00e4hemusrahvuste Keskus Radzima alla.<\/p>\n<p>T\u00fcrgi kooli mission on mittetulundusliku tegevuse kaudu aidata sisustada noorte vaba aega ja pakkuda huvilistele v\u00f5imalust \u00f5ppida erinevaid t\u00fcrgi keeli ja tutvuda oma p\u00e4ritolumaa kultuuri ja ajalooga.<\/p>\n<p>Iga aasta\u00a0 korraldatakse \u00f5ppe- ja kultuuri \u00fcritused, konkursid, suvep\u00e4evad, lastep\u00e4evad, idamaalsed kultuurip\u00e4evad.<\/p>\n<p>Juhatuse esimeheks on G\u00fclnara Vals, juhatuse liige Aina Vals.<\/p>\n<h4><span style=\"color: #00ff00;\">Vepsa Hing MT\u00dc<\/span><\/h4>\n<p><b>Organisatsiooni l\u00fchitutvustus<\/b><\/p>\n<p>Mittetulundus\u00fching Vepsa Hing on f\u00fc\u00fcsiliste isiku vabatahtlik \u00fchendus registrisse kantud 27.07.2021. Alates 2018 aktiivselt tegeles V\u00e4hemusrahvuste Keskuses Radzima. Ametlikult\u00a0 Radzima all &#8211; alates 15.10.2021.<\/p>\n<p>MT\u00dc eesm\u00e4rgiks on vaba aja korraldamine, inimeste tutvustamine teatrikunstiga, armastuse kasvatamine teatri ja teatritegevuse vastu. Tegevuse ajal\u00a0 ilmus kaks etendust t\u00e4iskasvanutele ja kaks etendust lastele, millega tuuritati Tallinnas ja Harjumaal, Narvas ja Ida-Virumaal.<\/p>\n<p>Seisuga 01.01.2025\u00a0 kuulus MT\u00dc Vepsa Hing koosseisu 5 liiget. MT\u00dc t\u00f6\u00f6d korraldab kaheliikmeline juhatus.<\/p>\n<p>Juhatuse esimees Sergei Tsistodelov<\/p>\n<h4><span style=\"color: #00ff00;\">MT\u00dc Etnomeedia<\/span><\/h4>\n<p><b>Organisatsiooni l\u00fchitutvustus<\/b><\/p>\n<p>MT\u00dc Etnomeedia tegutseb aastast 2003 (19.11.2003) eesm\u00e4rgiga tutvustada erinevate rahvaste etnograafiat, folkloori, antropoloogiat ja teisi rahvuskultuuri valdkondi. Alates 2018 aastast kuulub MT\u00dc Etnoveedia V\u00e4hemusrahvuste Keskus &#8220;Radzima&#8221; alla.<\/p>\n<p>\u00dchingusse kuulub kolm liiget: Aleksei Aleksejev, Juri Muttika, Mihhail Bo\u017eko.<\/p>\n<p>Juhatuse esimees:\u00a0 Aleksei Aleksejev.<\/p>\n<h4><span style=\"color: #00ff00;\">MT\u00dc Esteetilise Kasvatuse Keskus<\/span><\/h4>\n<p>Mittetulundus\u00fching &#8220;Esteetilise Kasvatuse Keskus&#8221; registreeriti 3. detsembril 2001.<\/p>\n<p>Alates 2018 aastast kuulub MT\u00dc Esteetilise Kasvatuse Keskus &#8220;Radzima&#8221; alla.<\/p>\n<p>Mittetulundus\u00fchingu &#8220;Esteetilise Hariduse Keskus&#8221; \u00fcldkoosoleku otsuste elluviimiseks valiti kaheliikmeline juhatus. Juhatuse t\u00f6\u00f6d korraldab esimees &#8211; Tatjana T\u0161ervova.<\/p>\n<p>Mittetulundus\u00fchingu &#8220;Esteetilise Hariduse Keskus&#8221; eesm\u00e4rkideks ja sihtideks on edendada klassikalise ja kaasaegse maailmakultuuri s\u00fcgavamat m\u00f5istmist, eriti noorte seas. Edendada Eesti klassikalise ja kaasaegse kultuuri s\u00fcgavamat m\u00f5istmist.<\/p>\n<p>&nbsp;","protected":false},"excerpt":{"rendered":"<p>Organisatsiooni l\u00fchitutvustus MT\u00dc V\u00e4hemusrahvuste Keskus Radzima alustas oma\u00a0 asutamist\u00a0 novembris 2013 aastal. L\u00f5plikult asutati Radzima 2. jaanuaril 2014 aastal.\u00a0 Alates 2015 aastast on V\u00e4hemusrahvuste Keskus Radzima viie v\u00e4hemusrahvuste seltsi katusorganisatsioon. V\u00e4hemusrahvuste Keskus<a class=\"moretag\" href=\"https:\/\/radzima.eu\/et\/firmast\/\">Read More&#8230;<\/a><\/p>\n","protected":false},"author":1,"featured_media":0,"parent":0,"menu_order":0,"comment_status":"closed","ping_status":"closed","template":"","meta":{"footnotes":""},"class_list":["post-55","page","type-page","status-publish","hentry"],"_links":{"self":[{"href":"https:\/\/radzima.eu\/et\/wp-json\/wp\/v2\/pages\/55","targetHints":{"allow":["GET"]}}],"collection":[{"href":"https:\/\/radzima.eu\/et\/wp-json\/wp\/v2\/pages"}],"about":[{"href":"https:\/\/radzima.eu\/et\/wp-json\/wp\/v2\/types\/page"}],"author":[{"embeddable":true,"href":"https:\/\/radzima.eu\/et\/wp-json\/wp\/v2\/users\/1"}],"replies":[{"embeddable":true,"href":"https:\/\/radzima.eu\/et\/wp-json\/wp\/v2\/comments?post=55"}],"version-history":[{"count":5,"href":"https:\/\/radzima.eu\/et\/wp-json\/wp\/v2\/pages\/55\/revisions"}],"predecessor-version":[{"id":3683,"href":"https:\/\/radzima.eu\/et\/wp-json\/wp\/v2\/pages\/55\/revisions\/3683"}],"wp:attachment":[{"href":"https:\/\/radzima.eu\/et\/wp-json\/wp\/v2\/media?parent=55"}],"curies":[{"name":"wp","href":"https:\/\/api.w.org\/{rel}","templated":true}]}}