{"id":57,"date":"2016-09-04T12:21:29","date_gmt":"2016-09-04T09:21:29","guid":{"rendered":"https:\/\/radzima.eu\/?page_id=57"},"modified":"2026-02-26T02:06:28","modified_gmt":"2026-02-26T00:06:28","slug":"dokumendid","status":"publish","type":"page","link":"https:\/\/radzima.eu\/et\/dokumendid\/","title":{"rendered":"Dokumendid"},"content":{"rendered":"Radzima p\u00f5hikiri <a href=\"https:\/\/radzima.eu\/wp-content\/uploads\/2016\/09\/Radzima-p\u00f5hikiri.pdf\">Radzima p\u00f5hikiri<\/a><\/p>\n<p>EVA-Studiorum p\u00f5hikiri\u00a0<a href=\"https:\/\/radzima.eu\/wp-content\/uploads\/2016\/09\/p\u00f5hikiri-EVA-Studiorum.docx\">p\u00f5hikiri EVA-Studiorum<\/a><\/p>\n<p>T\u00fcrgi kool p\u00f5hikiri\u00a0<a href=\"https:\/\/radzima.eu\/wp-content\/uploads\/2016\/09\/PK-T\u00fcrgi-kool.pdf\">T\u00fcrgi kool p\u00f5hikiri<\/a><\/p>\n<p>&nbsp;","protected":false},"excerpt":{"rendered":"<p>Radzima p\u00f5hikiri Radzima p\u00f5hikiri EVA-Studiorum p\u00f5hikiri\u00a0p\u00f5hikiri EVA-Studiorum T\u00fcrgi kool p\u00f5hikiri\u00a0T\u00fcrgi kool p\u00f5hikiri &nbsp;<\/p>\n","protected":false},"author":1,"featured_media":0,"parent":0,"menu_order":0,"comment_status":"closed","ping_status":"closed","template":"","meta":{"footnotes":""},"class_list":["post-57","page","type-page","status-publish","hentry"],"_links":{"self":[{"href":"https:\/\/radzima.eu\/et\/wp-json\/wp\/v2\/pages\/57","targetHints":{"allow":["GET"]}}],"collection":[{"href":"https:\/\/radzima.eu\/et\/wp-json\/wp\/v2\/pages"}],"about":[{"href":"https:\/\/radzima.eu\/et\/wp-json\/wp\/v2\/types\/page"}],"author":[{"embeddable":true,"href":"https:\/\/radzima.eu\/et\/wp-json\/wp\/v2\/users\/1"}],"replies":[{"embeddable":true,"href":"https:\/\/radzima.eu\/et\/wp-json\/wp\/v2\/comments?post=57"}],"version-history":[{"count":5,"href":"https:\/\/radzima.eu\/et\/wp-json\/wp\/v2\/pages\/57\/revisions"}],"predecessor-version":[{"id":3887,"href":"https:\/\/radzima.eu\/et\/wp-json\/wp\/v2\/pages\/57\/revisions\/3887"}],"wp:attachment":[{"href":"https:\/\/radzima.eu\/et\/wp-json\/wp\/v2\/media?parent=57"}],"curies":[{"name":"wp","href":"https:\/\/api.w.org\/{rel}","templated":true}]}}